{"id":987707,"date":"2023-06-01T18:37:42","date_gmt":"2023-06-01T18:37:42","guid":{"rendered":"http:\/\/joyasglc-001-site3.dtempurl.com\/?page_id=987707"},"modified":"2024-11-13T10:30:02","modified_gmt":"2024-11-13T10:30:02","slug":"aviso-legal","status":"publish","type":"page","link":"https:\/\/maricarmencerezo.com\/ca\/aviso-legal\/","title":{"rendered":"Av\u00eds legal"},"content":{"rendered":"<div data-elementor-type=\"wp-page\" data-elementor-id=\"987707\" class=\"elementor elementor-987707\" data-elementor-post-type=\"page\">\n\t\t\t\t\t\t<section class=\"elementor-section elementor-top-section elementor-element elementor-element-98ba773 elementor-section-boxed elementor-section-height-default elementor-section-height-default\" data-id=\"98ba773\" data-element_type=\"section\" data-e-type=\"section\">\n\t\t\t\t\t\t<div class=\"elementor-container elementor-column-gap-default\">\n\t\t\t\t\t<div class=\"elementor-column elementor-col-100 elementor-top-column elementor-element elementor-element-5951d0e\" data-id=\"5951d0e\" data-element_type=\"column\" data-e-type=\"column\">\n\t\t\t<div class=\"elementor-widget-wrap elementor-element-populated\">\n\t\t\t\t\t\t<div class=\"elementor-element elementor-element-8886278 elementor-widget elementor-widget-text-editor\" data-id=\"8886278\" data-element_type=\"widget\" data-e-type=\"widget\" data-widget_type=\"text-editor.default\">\n\t\t\t\t<div class=\"elementor-widget-container\">\n\t\t\t\t\t\t\t\t\t<p>El presente Aviso Legal regula el uso del servicio del portal de Internet con direcci\u00f3n www.maricarmencerezo.com, cuyo responsable a efectos identificativos es:<\/p><ul><li>Responsable: ANA LOZANO CEREZO<\/li><li>NIF: 44990266N<\/li><li>Direcci\u00f3n: C\/ LA PALMA 49, SABADELL, 08205, Barcelona<\/li><li>Tel\u00e9fono: 937277894<\/li><li>Mail: joyasglc@gmail.com<br \/><br \/><\/li><\/ul><p><strong><u>Legislaci\u00f3n<\/u><\/strong><\/p><p>Con car\u00e1cter general las relaciones entre ANA LOZANO CEREZO con los Usuarios de sus servicios telem\u00e1ticos, presentes en la web, se encuentran sometidas a la legislaci\u00f3n y jurisdicci\u00f3n espa\u00f1olas.<\/p><p>Las partes renuncian expresamente al fuero que les pudiera corresponder y someten expresamente a los Juzgados y Tribunales de Barcelona para resolver cualquier controversia que pudiera surgir en la interpretaci\u00f3n o ejecuci\u00f3n de las presentes condiciones contractuales.<br \/><br \/><\/p><p><strong><u>Contenido y Uso<\/u><\/strong><\/p><p>El Usuario queda informado, y acepta, que el acceso a la presente web no supone, en modo alguno, el inicio de una relaci\u00f3n comercial con ANA LOZANO CEREZO.<\/p><p>El titular del web no se identifica con las opiniones vertidas en el mismo por sus colaboradores. La Empresa se reserva el derecho de efectuar sin previo aviso las modificaciones que considere oportunas en su Web, pudiendo cambiar, suprimir o a\u00f1adir tanto los contenidos y servicios que se presten a trav\u00e9s de la misma como la forma en la que \u00e9stos aparezcan presentados o localizados en sus servidores.<br \/><br \/><\/p><p><strong><u>Propiedad intelectual e industrial<\/u><\/strong><\/p><p>Los derechos de propiedad intelectual del contenido de las p\u00e1ginas web, su dise\u00f1o gr\u00e1fico y c\u00f3digos son titularidad de ANA LOZANO CEREZO y, por tanto, queda prohibida su reproducci\u00f3n, distribuci\u00f3n, comunicaci\u00f3n p\u00fablica, transformaci\u00f3n o cualquier otra actividad que se pueda realizar con los contenidos de sus p\u00e1ginas web ni aun citando las fuentes, salvo consentimiento por escrito de ANA LOZANO CEREZO Todos los nombres comerciales, marcas o signos distintos de cualquier clase contenidos en las p\u00e1ginas web de la Empresa son propiedad de sus due\u00f1os y est\u00e1n protegidos por ley.<br \/><br \/><\/p><p><strong><u>Enlaces (Links)<\/u><\/strong><\/p><p>La presencia de enlaces (links) en las p\u00e1ginas web de ANA LOZANO CEREZO tiene finalidad meramente informativa y en ning\u00fan caso supone sugerencia, invitaci\u00f3n o recomendaci\u00f3n sobre los mismos.<\/p>\t\t\t\t\t\t\t\t<\/div>\n\t\t\t\t<\/div>\n\t\t\t\t\t<\/div>\n\t\t<\/div>\n\t\t\t\t\t<\/div>\n\t\t<\/section>\n\t\t\t\t<\/div>","protected":false},"excerpt":{"rendered":"<p>El presente Aviso Legal regula el uso del servicio del portal de Internet con direcci\u00f3n www.maricarmencerezo.com, cuyo responsable a efectos identificativos es: Responsable: ANA LOZANO CEREZO NIF: 44990266N Direcci\u00f3n: C\/ LA PALMA 49, SABADELL, 08205, Barcelona Tel\u00e9fono: 937277894 Mail: joyasglc@gmail.com Legislaci\u00f3n Con car\u00e1cter general las relaciones entre ANA LOZANO CEREZO con los Usuarios de sus&#8230;<\/p>","protected":false},"author":1,"featured_media":0,"parent":0,"menu_order":0,"comment_status":"closed","ping_status":"closed","template":"","meta":{"footnotes":""},"class_list":["post-987707","page","type-page","status-publish","hentry"],"yoast_head":"<!-- This site is optimized with the Yoast SEO plugin v27.1.1 - https:\/\/yoast.com\/product\/yoast-seo-wordpress\/ -->\r\n<title>Aviso legal - Joyer\u00eda M\u00aa Carmen Cerezo<\/title>\r\n<meta name=\"description\" content=\"Consulta el aviso legal de https:\/\/maricarmencerezo.com para conocer los t\u00e9rminos y condiciones de uso, pol\u00edticas de privacidad, derechos de autor y responsabilidad de los contenidos.\" \/>\r\n<meta name=\"robots\" content=\"index, follow, max-snippet:-1, max-image-preview:large, max-video-preview:-1\" \/>\r\n<link rel=\"canonical\" href=\"https:\/\/maricarmencerezo.com\/ca\/aviso-legal\/\" \/>\r\n<meta property=\"og:locale\" content=\"ca_ES\" \/>\r\n<meta property=\"og:type\" content=\"article\" \/>\r\n<meta property=\"og:title\" content=\"Aviso legal - Joyer\u00eda M\u00aa Carmen Cerezo\" \/>\r\n<meta property=\"og:description\" content=\"Consulta el aviso legal de https:\/\/maricarmencerezo.com para conocer los t\u00e9rminos y condiciones de uso, pol\u00edticas de privacidad, derechos de autor y responsabilidad de los contenidos.\" \/>\r\n<meta property=\"og:url\" content=\"https:\/\/maricarmencerezo.com\/ca\/aviso-legal\/\" \/>\r\n<meta property=\"og:site_name\" content=\"Joyer\u00eda M\u00aa Carmen Cerezo\" \/>\r\n<meta property=\"article:publisher\" content=\"https:\/\/www.facebook.com\/cerezosabadell\/\" \/>\r\n<meta property=\"article:modified_time\" content=\"2024-11-13T10:30:02+00:00\" \/>\r\n<meta name=\"twitter:card\" content=\"summary_large_image\" \/>\r\n<meta name=\"twitter:label1\" content=\"Temps estimat de lectura\" \/>\n\t<meta name=\"twitter:data1\" content=\"2 minuts\" \/>\r\n<script type=\"application\/ld+json\" class=\"yoast-schema-graph\">{\"@context\":\"https:\/\/schema.org\",\"@graph\":[{\"@type\":\"WebPage\",\"@id\":\"https:\/\/maricarmencerezo.com\/aviso-legal\/\",\"url\":\"https:\/\/maricarmencerezo.com\/aviso-legal\/\",\"name\":\"Aviso legal - Joyer\u00eda M\u00aa Carmen Cerezo\",\"isPartOf\":{\"@id\":\"https:\/\/maricarmencerezo.com\/ca\/#website\"},\"datePublished\":\"2023-06-01T18:37:42+00:00\",\"dateModified\":\"2024-11-13T10:30:02+00:00\",\"description\":\"Consulta el aviso legal de https:\/\/maricarmencerezo.com para conocer los t\u00e9rminos y condiciones de uso, pol\u00edticas de privacidad, derechos de autor y responsabilidad de los contenidos.\",\"breadcrumb\":{\"@id\":\"https:\/\/maricarmencerezo.com\/aviso-legal\/#breadcrumb\"},\"inLanguage\":\"ca\",\"potentialAction\":[{\"@type\":\"ReadAction\",\"target\":[\"https:\/\/maricarmencerezo.com\/aviso-legal\/\"]}]},{\"@type\":\"BreadcrumbList\",\"@id\":\"https:\/\/maricarmencerezo.com\/aviso-legal\/#breadcrumb\",\"itemListElement\":[{\"@type\":\"ListItem\",\"position\":1,\"name\":\"Portada\",\"item\":\"https:\/\/maricarmencerezo.com\/\"},{\"@type\":\"ListItem\",\"position\":2,\"name\":\"Aviso legal\"}]},{\"@type\":\"WebSite\",\"@id\":\"https:\/\/maricarmencerezo.com\/ca\/#website\",\"url\":\"https:\/\/maricarmencerezo.com\/ca\/\",\"name\":\"Joyer\u00eda M\u00aa Carmen Cerezo\",\"description\":\"\",\"publisher\":{\"@id\":\"https:\/\/maricarmencerezo.com\/ca\/#organization\"},\"potentialAction\":[{\"@type\":\"SearchAction\",\"target\":{\"@type\":\"EntryPoint\",\"urlTemplate\":\"https:\/\/maricarmencerezo.com\/ca\/?s={search_term_string}\"},\"query-input\":{\"@type\":\"PropertyValueSpecification\",\"valueRequired\":true,\"valueName\":\"search_term_string\"}}],\"inLanguage\":\"ca\"},{\"@type\":\"Organization\",\"@id\":\"https:\/\/maricarmencerezo.com\/ca\/#organization\",\"name\":\"Joyer\u00eda M\u00aa Carmen Cerezo\",\"url\":\"https:\/\/maricarmencerezo.com\/ca\/\",\"logo\":{\"@type\":\"ImageObject\",\"inLanguage\":\"ca\",\"@id\":\"https:\/\/maricarmencerezo.com\/ca\/#\/schema\/logo\/image\/\",\"url\":\"https:\/\/maricarmencerezo.com\/wp-content\/uploads\/2020\/02\/logo-Cerezo-1.png\",\"contentUrl\":\"https:\/\/maricarmencerezo.com\/wp-content\/uploads\/2020\/02\/logo-Cerezo-1.png\",\"width\":906,\"height\":275,\"caption\":\"Joyer\u00eda M\u00aa Carmen Cerezo\"},\"image\":{\"@id\":\"https:\/\/maricarmencerezo.com\/ca\/#\/schema\/logo\/image\/\"},\"sameAs\":[\"https:\/\/www.facebook.com\/cerezosabadell\/\"]}]}<\/script>\r\n<!-- \/ Yoast SEO plugin. -->","yoast_head_json":{"title":"Aviso legal - Joyer\u00eda M\u00aa Carmen Cerezo","description":"Consulta el aviso legal de https:\/\/maricarmencerezo.com para conocer los t\u00e9rminos y condiciones de uso, pol\u00edticas de privacidad, derechos de autor y responsabilidad de los contenidos.","robots":{"index":"index","follow":"follow","max-snippet":"max-snippet:-1","max-image-preview":"max-image-preview:large","max-video-preview":"max-video-preview:-1"},"canonical":"https:\/\/maricarmencerezo.com\/ca\/aviso-legal\/","og_locale":"ca_ES","og_type":"article","og_title":"Aviso legal - Joyer\u00eda M\u00aa Carmen Cerezo","og_description":"Consulta el aviso legal de https:\/\/maricarmencerezo.com para conocer los t\u00e9rminos y condiciones de uso, pol\u00edticas de privacidad, derechos de autor y responsabilidad de los contenidos.","og_url":"https:\/\/maricarmencerezo.com\/ca\/aviso-legal\/","og_site_name":"Joyer\u00eda M\u00aa Carmen Cerezo","article_publisher":"https:\/\/www.facebook.com\/cerezosabadell\/","article_modified_time":"2024-11-13T10:30:02+00:00","twitter_card":"summary_large_image","twitter_misc":{"Temps estimat de lectura":"2 minuts"},"schema":{"@context":"https:\/\/schema.org","@graph":[{"@type":"WebPage","@id":"https:\/\/maricarmencerezo.com\/aviso-legal\/","url":"https:\/\/maricarmencerezo.com\/aviso-legal\/","name":"Aviso legal - Joyer\u00eda M\u00aa Carmen Cerezo","isPartOf":{"@id":"https:\/\/maricarmencerezo.com\/ca\/#website"},"datePublished":"2023-06-01T18:37:42+00:00","dateModified":"2024-11-13T10:30:02+00:00","description":"Consulta el aviso legal de https:\/\/maricarmencerezo.com para conocer los t\u00e9rminos y condiciones de uso, pol\u00edticas de privacidad, derechos de autor y responsabilidad de los contenidos.","breadcrumb":{"@id":"https:\/\/maricarmencerezo.com\/aviso-legal\/#breadcrumb"},"inLanguage":"ca","potentialAction":[{"@type":"ReadAction","target":["https:\/\/maricarmencerezo.com\/aviso-legal\/"]}]},{"@type":"BreadcrumbList","@id":"https:\/\/maricarmencerezo.com\/aviso-legal\/#breadcrumb","itemListElement":[{"@type":"ListItem","position":1,"name":"Portada","item":"https:\/\/maricarmencerezo.com\/"},{"@type":"ListItem","position":2,"name":"Aviso legal"}]},{"@type":"WebSite","@id":"https:\/\/maricarmencerezo.com\/ca\/#website","url":"https:\/\/maricarmencerezo.com\/ca\/","name":"Joyer\u00eda M\u00aa Carmen Cerezo","description":"","publisher":{"@id":"https:\/\/maricarmencerezo.com\/ca\/#organization"},"potentialAction":[{"@type":"SearchAction","target":{"@type":"EntryPoint","urlTemplate":"https:\/\/maricarmencerezo.com\/ca\/?s={search_term_string}"},"query-input":{"@type":"PropertyValueSpecification","valueRequired":true,"valueName":"search_term_string"}}],"inLanguage":"ca"},{"@type":"Organization","@id":"https:\/\/maricarmencerezo.com\/ca\/#organization","name":"Joyer\u00eda M\u00aa Carmen Cerezo","url":"https:\/\/maricarmencerezo.com\/ca\/","logo":{"@type":"ImageObject","inLanguage":"ca","@id":"https:\/\/maricarmencerezo.com\/ca\/#\/schema\/logo\/image\/","url":"https:\/\/maricarmencerezo.com\/wp-content\/uploads\/2020\/02\/logo-Cerezo-1.png","contentUrl":"https:\/\/maricarmencerezo.com\/wp-content\/uploads\/2020\/02\/logo-Cerezo-1.png","width":906,"height":275,"caption":"Joyer\u00eda M\u00aa Carmen Cerezo"},"image":{"@id":"https:\/\/maricarmencerezo.com\/ca\/#\/schema\/logo\/image\/"},"sameAs":["https:\/\/www.facebook.com\/cerezosabadell\/"]}]}},"_links":{"self":[{"href":"https:\/\/maricarmencerezo.com\/ca\/wp-json\/wp\/v2\/pages\/987707","targetHints":{"allow":["GET"]}}],"collection":[{"href":"https:\/\/maricarmencerezo.com\/ca\/wp-json\/wp\/v2\/pages"}],"about":[{"href":"https:\/\/maricarmencerezo.com\/ca\/wp-json\/wp\/v2\/types\/page"}],"author":[{"embeddable":true,"href":"https:\/\/maricarmencerezo.com\/ca\/wp-json\/wp\/v2\/users\/1"}],"replies":[{"embeddable":true,"href":"https:\/\/maricarmencerezo.com\/ca\/wp-json\/wp\/v2\/comments?post=987707"}],"version-history":[{"count":10,"href":"https:\/\/maricarmencerezo.com\/ca\/wp-json\/wp\/v2\/pages\/987707\/revisions"}],"predecessor-version":[{"id":988290,"href":"https:\/\/maricarmencerezo.com\/ca\/wp-json\/wp\/v2\/pages\/987707\/revisions\/988290"}],"wp:attachment":[{"href":"https:\/\/maricarmencerezo.com\/ca\/wp-json\/wp\/v2\/media?parent=987707"}],"curies":[{"name":"wp","href":"https:\/\/api.w.org\/{rel}","templated":true}]}}